{"id":37,"date":"2024-12-13T09:12:05","date_gmt":"2024-12-13T09:12:05","guid":{"rendered":"http:\/\/weinmann-fulfillco.de\/?page_id=37"},"modified":"2025-01-08T13:43:36","modified_gmt":"2025-01-08T13:43:36","slug":"impressum","status":"publish","type":"page","link":"https:\/\/weinmann-fulfillco.de\/index.php\/impressum\/","title":{"rendered":"Impressum"},"content":{"rendered":"\t\t<div data-elementor-type=\"wp-page\" data-elementor-id=\"37\" class=\"elementor elementor-37\" data-elementor-post-type=\"page\">\n\t\t\t\t<div class=\"elementor-element elementor-element-8788a1c e-flex e-con-boxed e-con e-parent\" data-id=\"8788a1c\" data-element_type=\"container\">\n\t\t\t\t\t<div class=\"e-con-inner\">\n\t\t\t\t<div class=\"elementor-element elementor-element-afc6b87 elementor-widget elementor-widget-heading\" data-id=\"afc6b87\" data-element_type=\"widget\" data-widget_type=\"heading.default\">\n\t\t\t\t<div class=\"elementor-widget-container\">\n\t\t\t\t\t<h1 class=\"elementor-heading-title elementor-size-default\">Impressum<\/h1>\t\t\t\t<\/div>\n\t\t\t\t<\/div>\n\t\t\t\t\t<\/div>\n\t\t\t\t<\/div>\n\t\t<div class=\"elementor-element elementor-element-773cb8a e-flex e-con-boxed e-con e-parent\" data-id=\"773cb8a\" data-element_type=\"container\">\n\t\t\t\t\t<div class=\"e-con-inner\">\n\t\t\t\t<div class=\"elementor-element elementor-element-727f771 elementor-widget elementor-widget-text-editor\" data-id=\"727f771\" data-element_type=\"widget\" data-widget_type=\"text-editor.default\">\n\t\t\t\t<div class=\"elementor-widget-container\">\n\t\t\t\t\t\t\t\t\t<p>Weinmann GmbH<br \/>Frankenstra\u00dfe 1 &#8211; 4<br \/>63776 M\u00f6mbris<\/p><p><span style=\"text-decoration: underline;\">Vertreten durch:<\/span><\/p><p>Gesch\u00e4ftsf\u00fchrer Ralf Weinmann und Jochen Weinmann<\/p><p><span style=\"text-decoration: underline;\">Kontakt:<\/span><\/p><table><tbody><tr><td><p>Telefon:<\/p><\/td><td><p>+49 (0) 60 29 \/ 95 797 \u2013 0<\/p><\/td><\/tr><tr><td><p>E-Mail:<\/p><\/td><td><p>fulfillment@weinmann.gmbh<\/p><\/td><\/tr><\/tbody><\/table><p><span style=\"text-decoration: underline;\">Registereintrag:<\/span><\/p><p>Eintragung im Handelsregister.<br \/>Registergericht:Aschaffenburg<br \/>Registernummer: 8649<\/p><p>Umsatzsteuer-Identifikationsnummer gem\u00e4\u00df \u00a727 a Umsatzsteuergesetz: DE228141545<\/p><p>WEEE-Registrierungsnummer:<\/p><p>WEEE-Registrierungsnummer:\u00a0 DE 78896620<\/p><p>Plattform der EU-Kommission zur Online-Streitbeilegung:\u00a0<a href=\"https:\/\/ec.europa.eu\/odr\" target=\"_blank\" rel=\"noopener\">https:\/\/ec.europa.eu\/odr<\/a><\/p><p>Verantwortlich f\u00fcr den Inhalt nach \u00a7 55 Abs. 2 RStV:<\/p><p>Gesch\u00e4ftsf\u00fchrer Jochen Weinmann<\/p><p>Haftung f\u00fcr Inhalte<\/p><p>Als Diensteanbieter sind wir gem\u00e4\u00df \u00a7 7 Abs.1 DDG f\u00fcr eigene Inhalte auf diesen Seiten nach den allgemeinen Gesetzen verantwortlich. Nach \u00a7\u00a7 8 bis 10 DDG sind wir als Diensteanbieter jedoch nicht verpflichtet, \u00fcbermittelte oder gespeicherte fremde Informationen zu \u00fcberwachen oder nach Umst\u00e4nden zu forschen, die auf eine rechtswidrige T\u00e4tigkeit hinweisen.<\/p><p>Verpflichtungen zur Entfernung oder Sperrung der Nutzung von Informationen nach den allgemeinen Gesetzen bleiben hiervon unber\u00fchrt. Eine diesbez\u00fcgliche Haftung ist jedoch erst ab dem Zeitpunkt der Kenntnis einer konkreten Rechtsverletzung m\u00f6glich. Bei Bekanntwerden von entsprechenden Rechtsverletzungen werden wir diese Inhalte umgehend entfernen.<\/p><p>Haftung f\u00fcr Links<\/p><p>Unser Angebot enth\u00e4lt Links zu externen Webseiten Dritter, auf deren Inhalte wir keinen Einfluss haben. Deshalb k\u00f6nnen wir f\u00fcr diese fremden Inhalte auch keine Gew\u00e4hr \u00fcbernehmen. F\u00fcr die Inhalte der verlinkten Seiten ist stets der jeweilige Anbieter oder Betreiber der Seiten verantwortlich. Die verlinkten Seiten wurden zum Zeitpunkt der Verlinkung auf m\u00f6gliche Rechtsverst\u00f6\u00dfe \u00fcberpr\u00fcft. Rechtswidrige Inhalte waren zum Zeitpunkt der Verlinkung nicht erkennbar.<\/p><p>Eine permanente inhaltliche Kontrolle der verlinkten Seiten ist jedoch ohne konkrete Anhaltspunkte einer Rechtsverletzung nicht zumutbar. Bei Bekanntwerden von Rechtsverletzungen werden wir derartige Links umgehend entfernen.<\/p><p>Urheberrecht<\/p><p>Die durch die Seitenbetreiber erstellten Inhalte und Werke auf diesen Seiten unterliegen dem deutschen Urheberrecht. Die Vervielf\u00e4ltigung, Bearbeitung, Verbreitung und jede Art der Verwertung au\u00dferhalb der Grenzen des Urheberrechtes bed\u00fcrfen der schriftlichen Zustimmung des jeweiligen Autors bzw. Erstellers. Downloads und Kopien dieser Seite sind nur f\u00fcr den privaten, nicht kommerziellen Gebrauch gestattet.<\/p><p>Soweit die Inhalte auf dieser Seite nicht vom Betreiber erstellt wurden, werden die Urheberrechte Dritter beachtet. Insbesondere werden Inhalte Dritter als solche gekennzeichnet. Sollten Sie trotzdem auf eine Urheberrechtsverletzung aufmerksam werden, bitten wir um einen entsprechenden Hinweis. Bei Bekanntwerden von Rechtsverletzungen werden wir derartige Inhalte umgehend entfernen.<\/p>\t\t\t\t\t\t\t\t<\/div>\n\t\t\t\t<\/div>\n\t\t\t\t\t<\/div>\n\t\t\t\t<\/div>\n\t\t\t\t<\/div>\n\t\t","protected":false},"excerpt":{"rendered":"<p>Impressum Weinmann GmbHFrankenstra\u00dfe 1 &#8211; 463776 M\u00f6mbris Vertreten durch: Gesch\u00e4ftsf\u00fchrer Ralf Weinmann und Jochen Weinmann Kontakt: Telefon: +49 (0) 60 [&hellip;]<\/p>\n","protected":false},"author":1,"featured_media":0,"parent":0,"menu_order":0,"comment_status":"closed","ping_status":"closed","template":"","meta":{"site-sidebar-layout":"no-sidebar","site-content-layout":"","ast-site-content-layout":"full-width-container","site-content-style":"default","site-sidebar-style":"default","ast-global-header-display":"","ast-banner-title-visibility":"","ast-main-header-display":"","ast-hfb-above-header-display":"","ast-hfb-below-header-display":"","ast-hfb-mobile-header-display":"","site-post-title":"disabled","ast-breadcrumbs-content":"","ast-featured-img":"disabled","footer-sml-layout":"","theme-transparent-header-meta":"","adv-header-id-meta":"","stick-header-meta":"","header-above-stick-meta":"","header-main-stick-meta":"","header-below-stick-meta":"","astra-migrate-meta-layouts":"default","ast-page-background-enabled":"default","ast-page-background-meta":{"desktop":{"background-color":"var(--ast-global-color-4)","background-image":"","background-repeat":"repeat","background-position":"center center","background-size":"auto","background-attachment":"scroll","background-type":"","background-media":"","overlay-type":"","overlay-color":"","overlay-opacity":"","overlay-gradient":""},"tablet":{"background-color":"","background-image":"","background-repeat":"repeat","background-position":"center center","background-size":"auto","background-attachment":"scroll","background-type":"","background-media":"","overlay-type":"","overlay-color":"","overlay-opacity":"","overlay-gradient":""},"mobile":{"background-color":"","background-image":"","background-repeat":"repeat","background-position":"center center","background-size":"auto","background-attachment":"scroll","background-type":"","background-media":"","overlay-type":"","overlay-color":"","overlay-opacity":"","overlay-gradient":""}},"ast-content-background-meta":{"desktop":{"background-color":"var(--ast-global-color-5)","background-image":"","background-repeat":"repeat","background-position":"center center","background-size":"auto","background-attachment":"scroll","background-type":"","background-media":"","overlay-type":"","overlay-color":"","overlay-opacity":"","overlay-gradient":""},"tablet":{"background-color":"var(--ast-global-color-5)","background-image":"","background-repeat":"repeat","background-position":"center center","background-size":"auto","background-attachment":"scroll","background-type":"","background-media":"","overlay-type":"","overlay-color":"","overlay-opacity":"","overlay-gradient":""},"mobile":{"background-color":"var(--ast-global-color-5)","background-image":"","background-repeat":"repeat","background-position":"center center","background-size":"auto","background-attachment":"scroll","background-type":"","background-media":"","overlay-type":"","overlay-color":"","overlay-opacity":"","overlay-gradient":""}},"footnotes":""},"class_list":["post-37","page","type-page","status-publish","hentry"],"yoast_head":"<!-- This site is optimized with the Yoast SEO plugin v24.0 - https:\/\/yoast.com\/wordpress\/plugins\/seo\/ -->\n<title>Impressum - Weinmann Fulfillco<\/title>\n<meta name=\"robots\" content=\"index, follow, max-snippet:-1, max-image-preview:large, max-video-preview:-1\" \/>\n<link rel=\"canonical\" href=\"https:\/\/weinmann-fulfillco.de\/index.php\/impressum\/\" \/>\n<meta property=\"og:locale\" content=\"de_DE\" \/>\n<meta property=\"og:type\" content=\"article\" \/>\n<meta property=\"og:title\" content=\"Impressum - Weinmann Fulfillco\" \/>\n<meta property=\"og:description\" content=\"Impressum Weinmann GmbHFrankenstra\u00dfe 1 &#8211; 463776 M\u00f6mbris Vertreten durch: Gesch\u00e4ftsf\u00fchrer Ralf Weinmann und Jochen Weinmann Kontakt: Telefon: +49 (0) 60 [&hellip;]\" \/>\n<meta property=\"og:url\" content=\"https:\/\/weinmann-fulfillco.de\/index.php\/impressum\/\" \/>\n<meta property=\"og:site_name\" content=\"Weinmann Fulfillco\" \/>\n<meta property=\"article:modified_time\" content=\"2025-01-08T13:43:36+00:00\" \/>\n<meta name=\"twitter:card\" content=\"summary_large_image\" \/>\n<meta name=\"twitter:label1\" content=\"Gesch\u00e4tzte Lesezeit\" \/>\n\t<meta name=\"twitter:data1\" content=\"2\u00a0Minuten\" \/>\n<script type=\"application\/ld+json\" class=\"yoast-schema-graph\">{\"@context\":\"https:\/\/schema.org\",\"@graph\":[{\"@type\":\"WebPage\",\"@id\":\"https:\/\/weinmann-fulfillco.de\/index.php\/impressum\/\",\"url\":\"https:\/\/weinmann-fulfillco.de\/index.php\/impressum\/\",\"name\":\"Impressum - Weinmann Fulfillco\",\"isPartOf\":{\"@id\":\"https:\/\/weinmann-fulfillco.de\/#website\"},\"datePublished\":\"2024-12-13T09:12:05+00:00\",\"dateModified\":\"2025-01-08T13:43:36+00:00\",\"breadcrumb\":{\"@id\":\"https:\/\/weinmann-fulfillco.de\/index.php\/impressum\/#breadcrumb\"},\"inLanguage\":\"de\",\"potentialAction\":[{\"@type\":\"ReadAction\",\"target\":[\"https:\/\/weinmann-fulfillco.de\/index.php\/impressum\/\"]}]},{\"@type\":\"BreadcrumbList\",\"@id\":\"https:\/\/weinmann-fulfillco.de\/index.php\/impressum\/#breadcrumb\",\"itemListElement\":[{\"@type\":\"ListItem\",\"position\":1,\"name\":\"Startseite\",\"item\":\"https:\/\/weinmann-fulfillco.de\/\"},{\"@type\":\"ListItem\",\"position\":2,\"name\":\"Impressum\"}]},{\"@type\":\"WebSite\",\"@id\":\"https:\/\/weinmann-fulfillco.de\/#website\",\"url\":\"https:\/\/weinmann-fulfillco.de\/\",\"name\":\"Weinmann Fulfillco\",\"description\":\"\",\"publisher\":{\"@id\":\"https:\/\/weinmann-fulfillco.de\/#organization\"},\"potentialAction\":[{\"@type\":\"SearchAction\",\"target\":{\"@type\":\"EntryPoint\",\"urlTemplate\":\"https:\/\/weinmann-fulfillco.de\/?s={search_term_string}\"},\"query-input\":{\"@type\":\"PropertyValueSpecification\",\"valueRequired\":true,\"valueName\":\"search_term_string\"}}],\"inLanguage\":\"de\"},{\"@type\":\"Organization\",\"@id\":\"https:\/\/weinmann-fulfillco.de\/#organization\",\"name\":\"Weinmann Fulfillco\",\"url\":\"https:\/\/weinmann-fulfillco.de\/\",\"logo\":{\"@type\":\"ImageObject\",\"inLanguage\":\"de\",\"@id\":\"https:\/\/weinmann-fulfillco.de\/#\/schema\/logo\/image\/\",\"url\":\"https:\/\/weinmann-fulfillco.de\/wp-content\/uploads\/2024\/12\/cropped-FulfillCo-Bildmarke-Orange.png\",\"contentUrl\":\"https:\/\/weinmann-fulfillco.de\/wp-content\/uploads\/2024\/12\/cropped-FulfillCo-Bildmarke-Orange.png\",\"width\":679,\"height\":469,\"caption\":\"Weinmann Fulfillco\"},\"image\":{\"@id\":\"https:\/\/weinmann-fulfillco.de\/#\/schema\/logo\/image\/\"}}]}<\/script>\n<!-- \/ Yoast SEO plugin. -->","yoast_head_json":{"title":"Impressum - Weinmann Fulfillco","robots":{"index":"index","follow":"follow","max-snippet":"max-snippet:-1","max-image-preview":"max-image-preview:large","max-video-preview":"max-video-preview:-1"},"canonical":"https:\/\/weinmann-fulfillco.de\/index.php\/impressum\/","og_locale":"de_DE","og_type":"article","og_title":"Impressum - Weinmann Fulfillco","og_description":"Impressum Weinmann GmbHFrankenstra\u00dfe 1 &#8211; 463776 M\u00f6mbris Vertreten durch: Gesch\u00e4ftsf\u00fchrer Ralf Weinmann und Jochen Weinmann Kontakt: Telefon: +49 (0) 60 [&hellip;]","og_url":"https:\/\/weinmann-fulfillco.de\/index.php\/impressum\/","og_site_name":"Weinmann Fulfillco","article_modified_time":"2025-01-08T13:43:36+00:00","twitter_card":"summary_large_image","twitter_misc":{"Gesch\u00e4tzte Lesezeit":"2\u00a0Minuten"},"schema":{"@context":"https:\/\/schema.org","@graph":[{"@type":"WebPage","@id":"https:\/\/weinmann-fulfillco.de\/index.php\/impressum\/","url":"https:\/\/weinmann-fulfillco.de\/index.php\/impressum\/","name":"Impressum - Weinmann Fulfillco","isPartOf":{"@id":"https:\/\/weinmann-fulfillco.de\/#website"},"datePublished":"2024-12-13T09:12:05+00:00","dateModified":"2025-01-08T13:43:36+00:00","breadcrumb":{"@id":"https:\/\/weinmann-fulfillco.de\/index.php\/impressum\/#breadcrumb"},"inLanguage":"de","potentialAction":[{"@type":"ReadAction","target":["https:\/\/weinmann-fulfillco.de\/index.php\/impressum\/"]}]},{"@type":"BreadcrumbList","@id":"https:\/\/weinmann-fulfillco.de\/index.php\/impressum\/#breadcrumb","itemListElement":[{"@type":"ListItem","position":1,"name":"Startseite","item":"https:\/\/weinmann-fulfillco.de\/"},{"@type":"ListItem","position":2,"name":"Impressum"}]},{"@type":"WebSite","@id":"https:\/\/weinmann-fulfillco.de\/#website","url":"https:\/\/weinmann-fulfillco.de\/","name":"Weinmann Fulfillco","description":"","publisher":{"@id":"https:\/\/weinmann-fulfillco.de\/#organization"},"potentialAction":[{"@type":"SearchAction","target":{"@type":"EntryPoint","urlTemplate":"https:\/\/weinmann-fulfillco.de\/?s={search_term_string}"},"query-input":{"@type":"PropertyValueSpecification","valueRequired":true,"valueName":"search_term_string"}}],"inLanguage":"de"},{"@type":"Organization","@id":"https:\/\/weinmann-fulfillco.de\/#organization","name":"Weinmann Fulfillco","url":"https:\/\/weinmann-fulfillco.de\/","logo":{"@type":"ImageObject","inLanguage":"de","@id":"https:\/\/weinmann-fulfillco.de\/#\/schema\/logo\/image\/","url":"https:\/\/weinmann-fulfillco.de\/wp-content\/uploads\/2024\/12\/cropped-FulfillCo-Bildmarke-Orange.png","contentUrl":"https:\/\/weinmann-fulfillco.de\/wp-content\/uploads\/2024\/12\/cropped-FulfillCo-Bildmarke-Orange.png","width":679,"height":469,"caption":"Weinmann Fulfillco"},"image":{"@id":"https:\/\/weinmann-fulfillco.de\/#\/schema\/logo\/image\/"}}]}},"_links":{"self":[{"href":"https:\/\/weinmann-fulfillco.de\/index.php\/wp-json\/wp\/v2\/pages\/37","targetHints":{"allow":["GET"]}}],"collection":[{"href":"https:\/\/weinmann-fulfillco.de\/index.php\/wp-json\/wp\/v2\/pages"}],"about":[{"href":"https:\/\/weinmann-fulfillco.de\/index.php\/wp-json\/wp\/v2\/types\/page"}],"author":[{"embeddable":true,"href":"https:\/\/weinmann-fulfillco.de\/index.php\/wp-json\/wp\/v2\/users\/1"}],"replies":[{"embeddable":true,"href":"https:\/\/weinmann-fulfillco.de\/index.php\/wp-json\/wp\/v2\/comments?post=37"}],"version-history":[{"count":16,"href":"https:\/\/weinmann-fulfillco.de\/index.php\/wp-json\/wp\/v2\/pages\/37\/revisions"}],"predecessor-version":[{"id":175,"href":"https:\/\/weinmann-fulfillco.de\/index.php\/wp-json\/wp\/v2\/pages\/37\/revisions\/175"}],"wp:attachment":[{"href":"https:\/\/weinmann-fulfillco.de\/index.php\/wp-json\/wp\/v2\/media?parent=37"}],"curies":[{"name":"wp","href":"https:\/\/api.w.org\/{rel}","templated":true}]}}